{"id":6,"date":"2012-02-28T11:30:12","date_gmt":"2012-02-28T11:30:12","guid":{"rendered":"http:\/\/www.eigersunddyreklinikk.no\/wp1\/?page_id=6"},"modified":"2012-02-29T03:39:06","modified_gmt":"2012-02-29T03:39:06","slug":"kontakt","status":"publish","type":"page","link":"http:\/\/www.eigersunddyreklinikk.no\/wp1\/?page_id=6","title":{"rendered":"Behandling"},"content":{"rendered":"<p>Vi har i utgangspunktet timebestilling for behandling p\u00e5 klinikken, men hjelper selvsagt s\u00e5 raskt som mulig ved behov for \u00f8yeblikkelig hjelp. P\u00e5 denne bakgrunn hender det av og til at vi kan v\u00e6re noe forsinket i timebestillingene som f\u00f8lge av akutt behandling. Av behandlinger vi foretar p\u00e5 klinikken kan nevnes:<\/p>\n<p>&#8211; Vaksinering<br \/>\n&#8211; ID merking<br \/>\n&#8211; Indremedisinsk- og kirurgisk behandling<br \/>\n&#8211; Digital r\u00f8ntgen \/ HD fotografering<br \/>\n&#8211; Tannbehandling<br \/>\n&#8211; Blod- og urin analyser<br \/>\n&#8211; Ultralyd<br \/>\n&#8211; Shockwave behandling<\/p>\n<p>Eigersund Dyreklinikk var den f\u00f8rste i Norge, og er fremdeles den eneste i Rogaland, som tilbyr Shockwave behandling av degenerative muskel- og knokkelsykdommer hos hund og hest. Flere politihunder har f\u00e5tt noen \u00e5r ekstra i tjeneste takket v\u00e6re denne behandlingen.<\/p>\n<p><a href=\"http:\/\/www.eigersunddyreklinikk.no\/wp1\/wp-content\/uploads\/2012\/02\/1376.jpg\"><img loading=\"lazy\" decoding=\"async\" class=\"alignnone size-full wp-image-79\" title=\"1376\" src=\"http:\/\/www.eigersunddyreklinikk.no\/wp1\/wp-content\/uploads\/2012\/02\/1376.jpg\" alt=\"\" width=\"800\" height=\"600\" srcset=\"http:\/\/www.eigersunddyreklinikk.no\/wp1\/wp-content\/uploads\/2012\/02\/1376.jpg 800w, http:\/\/www.eigersunddyreklinikk.no\/wp1\/wp-content\/uploads\/2012\/02\/1376-300x225.jpg 300w\" sizes=\"auto, (max-width: 800px) 100vw, 800px\" \/><\/a><\/p>\n<p>Du finner v\u00e5re priser i resepsjonen. dersom du har sp\u00f8rsm\u00e5l om disse p\u00e5 forh\u00e5nd kan du ringe oss p\u00e5 51491304. Noen ganger er det behov for ytterligere unders\u00f8kelser for \u00e5 kunne stille en diagnose. Du vil selvsagt bli informert om slike tilfeller og kostnadene forbundet med dette p\u00e5 forh\u00e5nd.<\/p>\n<p>Veterin\u00e6rtjenester er, i motsetning til behandling hos din lege, underlagt merverdiavgift (moms\/mva). Dette vil gi seg utslag i h\u00f8yere kostnader ved behandling enn hva man gjerne er vant med fra lege og\/eller sykehus. Vi anbefaler derfor alle \u00e5 tegne <a title=\"Agria Dyreforsikring\" href=\"http:\/\/www.agria.no\/\" target=\"_blank\">forsikring <\/a>p\u00e5 sine kj\u00e6ledyr, enten det er hest, hund, katt eller annet.<\/p>\n","protected":false},"excerpt":{"rendered":"<p>Vi har i utgangspunktet timebestilling for behandling p\u00e5 klinikken, men hjelper selvsagt s\u00e5 raskt som mulig ved behov for \u00f8yeblikkelig hjelp. P\u00e5 denne bakgrunn hender det av og til at vi kan v\u00e6re noe forsinket i timebestillingene som f\u00f8lge av akutt behandling. Av behandlinger vi foretar p\u00e5 klinikken kan nevnes: &#8211; Vaksinering &#8211; ID merking &hellip;<br \/><a href=\"http:\/\/www.eigersunddyreklinikk.no\/wp1\/?page_id=6\">Read more <span class=\"meta-nav\">&rarr;<\/span><\/a><\/p>\n","protected":false},"author":1,"featured_media":0,"parent":0,"menu_order":2,"comment_status":"closed","ping_status":"closed","template":"","meta":{"footnotes":""},"class_list":["post-6","page","type-page","status-publish","hentry"],"_links":{"self":[{"href":"http:\/\/www.eigersunddyreklinikk.no\/wp1\/index.php?rest_route=\/wp\/v2\/pages\/6","targetHints":{"allow":["GET"]}}],"collection":[{"href":"http:\/\/www.eigersunddyreklinikk.no\/wp1\/index.php?rest_route=\/wp\/v2\/pages"}],"about":[{"href":"http:\/\/www.eigersunddyreklinikk.no\/wp1\/index.php?rest_route=\/wp\/v2\/types\/page"}],"author":[{"embeddable":true,"href":"http:\/\/www.eigersunddyreklinikk.no\/wp1\/index.php?rest_route=\/wp\/v2\/users\/1"}],"replies":[{"embeddable":true,"href":"http:\/\/www.eigersunddyreklinikk.no\/wp1\/index.php?rest_route=%2Fwp%2Fv2%2Fcomments&post=6"}],"version-history":[{"count":12,"href":"http:\/\/www.eigersunddyreklinikk.no\/wp1\/index.php?rest_route=\/wp\/v2\/pages\/6\/revisions"}],"predecessor-version":[{"id":81,"href":"http:\/\/www.eigersunddyreklinikk.no\/wp1\/index.php?rest_route=\/wp\/v2\/pages\/6\/revisions\/81"}],"wp:attachment":[{"href":"http:\/\/www.eigersunddyreklinikk.no\/wp1\/index.php?rest_route=%2Fwp%2Fv2%2Fmedia&parent=6"}],"curies":[{"name":"wp","href":"https:\/\/api.w.org\/{rel}","templated":true}]}}