{"id":49,"date":"2012-02-28T13:24:52","date_gmt":"2012-02-28T13:24:52","guid":{"rendered":"http:\/\/www.eigersunddyreklinikk.no\/wp1\/?page_id=49"},"modified":"2012-02-29T04:10:28","modified_gmt":"2012-02-29T04:10:28","slug":"kontakt-oss","status":"publish","type":"page","link":"http:\/\/www.eigersunddyreklinikk.no\/wp1\/?page_id=49","title":{"rendered":"Kontakt Oss"},"content":{"rendered":"<p>Foruten at du treffer oss i \u00e5pningstidene p\u00e5 telefon<strong> 51491304<\/strong>, eller via ordin\u00e6r e-post ved \u00e5 klikke p\u00e5 e-post adressen v\u00e5r (<a title=\"Henvendelse fra nettsiden (Eigersund Dyreklinikk)\" href=\"mailto:post@eigersunddyreklinikk.no\">post@eigersunddyreklinikk.no<\/a>), kan du ogs\u00e5 benytte deg av v\u00e5rt kontaktskjema. V\u00e5re ordin\u00e6re \u00e5pningstider finner du i menyen til h\u00f8yre.<\/p>\n<p><a href=\"http:\/\/www.eigersunddyreklinikk.no\/wp1\/wp-content\/uploads\/2012\/02\/800x500_map.jpg\"><img loading=\"lazy\" decoding=\"async\" class=\"alignnone size-full wp-image-92\" title=\"800x500_map\" src=\"http:\/\/www.eigersunddyreklinikk.no\/wp1\/wp-content\/uploads\/2012\/02\/800x500_map.jpg\" alt=\"\" width=\"800\" height=\"500\" srcset=\"http:\/\/www.eigersunddyreklinikk.no\/wp1\/wp-content\/uploads\/2012\/02\/800x500_map.jpg 800w, http:\/\/www.eigersunddyreklinikk.no\/wp1\/wp-content\/uploads\/2012\/02\/800x500_map-300x187.jpg 300w\" sizes=\"auto, (max-width: 800px) 100vw, 800px\" \/><\/a><\/p>\n<p>Fyll ut skjemaet nedenfor og gi en beskrivelse av hva det gjelder. Husk at jo mer informasjon vi f\u00e5r (f.eks. hva slags dyr, alder, hvilke symptomer, hvor lenge symtomene har p\u00e5g\u00e5tt, og s\u00e5 videre), desto bedre vil vi v\u00e6re i stand til \u00e5 gi deg en tilfredstillende tilbakemelding.<\/p>\n<div class=\"wpcf7\" id=\"wpcf7-f52-p49-o1\"><form action=\"\/wp1\/index.php?rest_route=%2Fwp%2Fv2%2Fpages%2F49#wpcf7-f52-p49-o1\" method=\"post\" class=\"wpcf7-form\">\n<div style=\"display: none;\">\n<input type=\"hidden\" name=\"_wpcf7\" value=\"52\" \/>\n<input type=\"hidden\" name=\"_wpcf7_version\" value=\"3.1.1\" \/>\n<input type=\"hidden\" name=\"_wpcf7_unit_tag\" value=\"wpcf7-f52-p49-o1\" \/>\n<input type=\"hidden\" name=\"_wpnonce\" value=\"b1ef5f8d75\" \/>\n<\/div>\n<p>Ditt navn (obligatorisk)<br \/>\n    <span class=\"wpcf7-form-control-wrap your-name\"><input type=\"text\" name=\"your-name\" value=\"\" class=\"wpcf7-form-control wpcf7-text wpcf7-validates-as-required\" size=\"40\" \/><\/span> <\/p>\n<p>E-post (obligatorisk)<br \/>\n    <span class=\"wpcf7-form-control-wrap your-email\"><input type=\"text\" name=\"your-email\" value=\"\" class=\"wpcf7-form-control wpcf7-text wpcf7-email wpcf7-validates-as-required wpcf7-validates-as-email\" size=\"40\" \/><\/span> <\/p>\n<p>Emne<br \/>\n    <span class=\"wpcf7-form-control-wrap your-subject\"><input type=\"text\" name=\"your-subject\" value=\"\" class=\"wpcf7-form-control wpcf7-text\" size=\"40\" \/><\/span> <\/p>\n<p>Melding<br \/>\n    <span class=\"wpcf7-form-control-wrap your-message\"><textarea name=\"your-message\" class=\"wpcf7-form-control  wpcf7-textarea\" cols=\"40\" rows=\"10\"><\/textarea><\/span> <\/p>\n<p><input type=\"submit\" value=\"Send\" class=\"wpcf7-form-control  wpcf7-submit\" \/><\/p>\n<p style=\"display: none !important;\" class=\"akismet-fields-container\" data-prefix=\"_wpcf7_ak_\"><label>&#916;<textarea name=\"_wpcf7_ak_hp_textarea\" cols=\"45\" rows=\"8\" maxlength=\"100\"><\/textarea><\/label><input type=\"hidden\" id=\"ak_js_1\" name=\"_wpcf7_ak_js\" value=\"71\"\/><script>document.getElementById( \"ak_js_1\" ).setAttribute( \"value\", ( new Date() ).getTime() );<\/script><\/p><div class=\"wpcf7-response-output wpcf7-display-none\"><\/div><\/form><\/div>\n<p>Vi kontakter deg s\u00e5 snart som mulig etter at vi har mottat din henvendelse. Dersom henvendelsen gjelder noe akutt ber vi om at du ringer (<strong>51491304<\/strong>) klinikken fremfor \u00e5 sende inn kontaktskjema.<\/p>\n<p>&nbsp;<\/p>\n","protected":false},"excerpt":{"rendered":"<p>Foruten at du treffer oss i \u00e5pningstidene p\u00e5 telefon 51491304, eller via ordin\u00e6r e-post ved \u00e5 klikke p\u00e5 e-post adressen v\u00e5r (post@eigersunddyreklinikk.no), kan du ogs\u00e5 benytte deg av v\u00e5rt kontaktskjema. V\u00e5re ordin\u00e6re \u00e5pningstider finner du i menyen til h\u00f8yre. Fyll ut skjemaet nedenfor og gi en beskrivelse av hva det gjelder. Husk at jo mer &hellip;<br \/><a href=\"http:\/\/www.eigersunddyreklinikk.no\/wp1\/?page_id=49\">Read more <span class=\"meta-nav\">&rarr;<\/span><\/a><\/p>\n","protected":false},"author":1,"featured_media":0,"parent":0,"menu_order":6,"comment_status":"closed","ping_status":"closed","template":"","meta":{"footnotes":""},"class_list":["post-49","page","type-page","status-publish","hentry"],"_links":{"self":[{"href":"http:\/\/www.eigersunddyreklinikk.no\/wp1\/index.php?rest_route=\/wp\/v2\/pages\/49","targetHints":{"allow":["GET"]}}],"collection":[{"href":"http:\/\/www.eigersunddyreklinikk.no\/wp1\/index.php?rest_route=\/wp\/v2\/pages"}],"about":[{"href":"http:\/\/www.eigersunddyreklinikk.no\/wp1\/index.php?rest_route=\/wp\/v2\/types\/page"}],"author":[{"embeddable":true,"href":"http:\/\/www.eigersunddyreklinikk.no\/wp1\/index.php?rest_route=\/wp\/v2\/users\/1"}],"replies":[{"embeddable":true,"href":"http:\/\/www.eigersunddyreklinikk.no\/wp1\/index.php?rest_route=%2Fwp%2Fv2%2Fcomments&post=49"}],"version-history":[{"count":8,"href":"http:\/\/www.eigersunddyreklinikk.no\/wp1\/index.php?rest_route=\/wp\/v2\/pages\/49\/revisions"}],"predecessor-version":[{"id":51,"href":"http:\/\/www.eigersunddyreklinikk.no\/wp1\/index.php?rest_route=\/wp\/v2\/pages\/49\/revisions\/51"}],"wp:attachment":[{"href":"http:\/\/www.eigersunddyreklinikk.no\/wp1\/index.php?rest_route=%2Fwp%2Fv2%2Fmedia&parent=49"}],"curies":[{"name":"wp","href":"https:\/\/api.w.org\/{rel}","templated":true}]}}