{"id":32,"date":"2012-02-28T12:04:52","date_gmt":"2012-02-28T12:04:52","guid":{"rendered":"http:\/\/www.eigersunddyreklinikk.no\/wp1\/?page_id=32"},"modified":"2024-11-25T14:08:03","modified_gmt":"2024-11-25T14:08:03","slug":"ansatte","status":"publish","type":"page","link":"http:\/\/www.eigersunddyreklinikk.no\/wp1\/?page_id=32","title":{"rendered":"Ansatte"},"content":{"rendered":"<p><strong>Siril Nyland<\/strong> &#8211; ble uteksaminert veterin\u00e6r i 1996 ved Tier\u00e4rztliche Hochschule Hannover i Tyskland. Hun jobbet et par \u00e5r i kombinert praksis ved Gjesdal Dyreklinikk. Har siden jobbet i Egersund. Siri Nyland har v\u00e6rt ansatt i Eigersund Dyreklinikk siden etableringen i 1998.<\/p>\n<p><strong>Tore Malmei<\/strong> &#8211; ble uteksaminert veterin\u00e6r i 1984 ved Freie Universitet Berlin i Tyskland. Tore har allsidig praksiserfaring og har de siste \u00e5rene etterutdannet seg spesielt p\u00e5 hest.<\/p>\n<p><strong>Solvor Nyland Malmei<\/strong> &#8211; ble uteksaminert i Universitetet i Utrecht i Nederland 2024. Solvor har bachelor i Veterin\u00e6rmedisin og master i Equine Health Care.<\/p>\n","protected":false},"excerpt":{"rendered":"<p>Siril Nyland &#8211; ble uteksaminert veterin\u00e6r i 1996 ved Tier\u00e4rztliche Hochschule Hannover i Tyskland. Hun jobbet et par \u00e5r i kombinert praksis ved Gjesdal Dyreklinikk. Har siden jobbet i Egersund. Siri Nyland har v\u00e6rt ansatt i Eigersund Dyreklinikk siden etableringen i 1998. Tore Malmei &#8211; ble uteksaminert veterin\u00e6r i 1984 ved Freie Universitet Berlin i &hellip;<br \/><a href=\"http:\/\/www.eigersunddyreklinikk.no\/wp1\/?page_id=32\">Read more <span class=\"meta-nav\">&rarr;<\/span><\/a><\/p>\n","protected":false},"author":1,"featured_media":0,"parent":0,"menu_order":4,"comment_status":"closed","ping_status":"closed","template":"","meta":{"footnotes":""},"class_list":["post-32","page","type-page","status-publish","hentry"],"_links":{"self":[{"href":"http:\/\/www.eigersunddyreklinikk.no\/wp1\/index.php?rest_route=\/wp\/v2\/pages\/32","targetHints":{"allow":["GET"]}}],"collection":[{"href":"http:\/\/www.eigersunddyreklinikk.no\/wp1\/index.php?rest_route=\/wp\/v2\/pages"}],"about":[{"href":"http:\/\/www.eigersunddyreklinikk.no\/wp1\/index.php?rest_route=\/wp\/v2\/types\/page"}],"author":[{"embeddable":true,"href":"http:\/\/www.eigersunddyreklinikk.no\/wp1\/index.php?rest_route=\/wp\/v2\/users\/1"}],"replies":[{"embeddable":true,"href":"http:\/\/www.eigersunddyreklinikk.no\/wp1\/index.php?rest_route=%2Fwp%2Fv2%2Fcomments&post=32"}],"version-history":[{"count":7,"href":"http:\/\/www.eigersunddyreklinikk.no\/wp1\/index.php?rest_route=\/wp\/v2\/pages\/32\/revisions"}],"predecessor-version":[{"id":243,"href":"http:\/\/www.eigersunddyreklinikk.no\/wp1\/index.php?rest_route=\/wp\/v2\/pages\/32\/revisions\/243"}],"wp:attachment":[{"href":"http:\/\/www.eigersunddyreklinikk.no\/wp1\/index.php?rest_route=%2Fwp%2Fv2%2Fmedia&parent=32"}],"curies":[{"name":"wp","href":"https:\/\/api.w.org\/{rel}","templated":true}]}}