{"id":20,"date":"2012-02-28T11:43:01","date_gmt":"2012-02-28T11:43:01","guid":{"rendered":"http:\/\/www.eigersunddyreklinikk.no\/wp1\/?page_id=20"},"modified":"2012-02-29T03:39:52","modified_gmt":"2012-02-29T03:39:52","slug":"om-oss","status":"publish","type":"page","link":"http:\/\/www.eigersunddyreklinikk.no\/wp1\/?page_id=20","title":{"rendered":"Klinikken"},"content":{"rendered":"<p>Eigersund Dyreklinikk startet i 1998 som en filial av Gjesdal Dyreklinikk i de gamle lokalene til Dr. Vedelden, ved siden av kinoen i Egersund. Deretter fulgte noen \u00e5r i Svaneg\u00e5rden hvor klinikken ble kj\u00f8pt opp av veterin\u00e6rene Nyland &amp; Malmei AS. Vi invisterte i mer og nytt utstyr og utvidet \u00e5pningstidene.<\/p>\n<p>H\u00f8sten 2009 flyttet vi inn p\u00e5 Nytorget 3, sentralt beliggende omtrent\u00a0midt i sentrum. Etter en totalrenovering og enda flere investeringer har vi n\u00e5 f\u00e5tt en topp moderne klinikk. I f\u00f8rste etasje har vi en egen stor butikkavdeling, en hyggelig resepsjon, og et poliklinisk behandlingsrom. I andre etasje har vi et eget kj\u00f8kken, en vente avdeling, laboratorium, oppstalling, tannbehandling, digital r\u00f8ntgen, preoperative rom.<\/p>\n<p><a href=\"http:\/\/www.eigersunddyreklinikk.no\/wp1\/wp-content\/uploads\/2012\/02\/14202.jpg\"><img loading=\"lazy\" decoding=\"async\" class=\"alignnone size-full wp-image-82\" title=\"1420\" src=\"http:\/\/www.eigersunddyreklinikk.no\/wp1\/wp-content\/uploads\/2012\/02\/14202.jpg\" alt=\"\" width=\"800\" height=\"600\" srcset=\"http:\/\/www.eigersunddyreklinikk.no\/wp1\/wp-content\/uploads\/2012\/02\/14202.jpg 800w, http:\/\/www.eigersunddyreklinikk.no\/wp1\/wp-content\/uploads\/2012\/02\/14202-300x225.jpg 300w\" sizes=\"auto, (max-width: 800px) 100vw, 800px\" \/><\/a><\/p>\n<p>V\u00e5r felles m\u00e5lsetting er at kundene skal f\u00f8le trygghet n\u00e5r deres kj\u00e6ledyr blir behandlet hos oss.<\/p>\n","protected":false},"excerpt":{"rendered":"<p>Eigersund Dyreklinikk startet i 1998 som en filial av Gjesdal Dyreklinikk i de gamle lokalene til Dr. Vedelden, ved siden av kinoen i Egersund. Deretter fulgte noen \u00e5r i Svaneg\u00e5rden hvor klinikken ble kj\u00f8pt opp av veterin\u00e6rene Nyland &amp; Malmei AS. Vi invisterte i mer og nytt utstyr og utvidet \u00e5pningstidene. H\u00f8sten 2009 flyttet vi &hellip;<br \/><a href=\"http:\/\/www.eigersunddyreklinikk.no\/wp1\/?page_id=20\">Read more <span class=\"meta-nav\">&rarr;<\/span><\/a><\/p>\n","protected":false},"author":1,"featured_media":0,"parent":0,"menu_order":1,"comment_status":"closed","ping_status":"closed","template":"","meta":{"footnotes":""},"class_list":["post-20","page","type-page","status-publish","hentry"],"_links":{"self":[{"href":"http:\/\/www.eigersunddyreklinikk.no\/wp1\/index.php?rest_route=\/wp\/v2\/pages\/20","targetHints":{"allow":["GET"]}}],"collection":[{"href":"http:\/\/www.eigersunddyreklinikk.no\/wp1\/index.php?rest_route=\/wp\/v2\/pages"}],"about":[{"href":"http:\/\/www.eigersunddyreklinikk.no\/wp1\/index.php?rest_route=\/wp\/v2\/types\/page"}],"author":[{"embeddable":true,"href":"http:\/\/www.eigersunddyreklinikk.no\/wp1\/index.php?rest_route=\/wp\/v2\/users\/1"}],"replies":[{"embeddable":true,"href":"http:\/\/www.eigersunddyreklinikk.no\/wp1\/index.php?rest_route=%2Fwp%2Fv2%2Fcomments&post=20"}],"version-history":[{"count":7,"href":"http:\/\/www.eigersunddyreklinikk.no\/wp1\/index.php?rest_route=\/wp\/v2\/pages\/20\/revisions"}],"predecessor-version":[{"id":63,"href":"http:\/\/www.eigersunddyreklinikk.no\/wp1\/index.php?rest_route=\/wp\/v2\/pages\/20\/revisions\/63"}],"wp:attachment":[{"href":"http:\/\/www.eigersunddyreklinikk.no\/wp1\/index.php?rest_route=%2Fwp%2Fv2%2Fmedia&parent=20"}],"curies":[{"name":"wp","href":"https:\/\/api.w.org\/{rel}","templated":true}]}}