{"id":11,"date":"2012-02-28T11:38:02","date_gmt":"2012-02-28T11:38:02","guid":{"rendered":"http:\/\/www.eigersunddyreklinikk.no\/wp1\/?page_id=11"},"modified":"2012-02-29T03:37:33","modified_gmt":"2012-02-29T03:37:33","slug":"kart","status":"publish","type":"page","link":"http:\/\/www.eigersunddyreklinikk.no\/wp1\/?page_id=11","title":{"rendered":"Butikken"},"content":{"rendered":"<p>Vi er sv\u00e6rt stolte av butikken v\u00e5r og kan vise til et omfattende utvalg i f\u00f2r til hund og katt, hovedsakelig fra <a title=\"Eukanuba\" href=\"http:\/\/www.eukanuba.no\/\" target=\"_blank\">Eukanuba <\/a>og <a title=\"Specific - Dechra Norge\" href=\"http:\/\/dechra.no\/Default.aspx?ID=42&amp;pcatid=PRIMARY3&amp;ProductID=PROD17\" target=\"_blank\">Specific<\/a>. I tillegg skaffer vi f\u00f2r fra <a title=\"Hills\" href=\"http:\/\/www.hillspet.no\/\" target=\"_blank\">Hills <\/a>p\u00e5 foresp\u00f8rsel. Dersom du kj\u00f8per\u00a0f\u00f2r og\/eller tilleggsern\u00e6ring hos oss har\u00a0vi diverse rabattordninger til hest, hund og katt som det l\u00f8nner seg \u00e5 dra nytte av.<\/p>\n<p><a href=\"http:\/\/www.eigersunddyreklinikk.no\/wp1\/wp-content\/uploads\/2012\/02\/DSCF2944.jpg\"><img loading=\"lazy\" decoding=\"async\" class=\"size-full wp-image-74 alignnone\" title=\"DSCF2944\" src=\"http:\/\/www.eigersunddyreklinikk.no\/wp1\/wp-content\/uploads\/2012\/02\/DSCF2944.jpg\" alt=\"\" width=\"800\" height=\"600\" srcset=\"http:\/\/www.eigersunddyreklinikk.no\/wp1\/wp-content\/uploads\/2012\/02\/DSCF2944.jpg 800w, http:\/\/www.eigersunddyreklinikk.no\/wp1\/wp-content\/uploads\/2012\/02\/DSCF2944-300x225.jpg 300w\" sizes=\"auto, (max-width: 800px) 100vw, 800px\" \/><\/a><\/p>\n<p>Vi f\u00f8rer diverse pleiemidler til b\u00e5de hest, hund og katt, og har ellers s\u00e5 mye utstyr som vi har plass til. Sp\u00f8r gjerne v\u00e5re ansatte dersom du er p\u00e5 jakt etter noe spesielt &#8211; vil vil om mulig v\u00e6re behjelpelige med \u00e5 skaffe til veie det du trenger til konkuransedyktige priser.<\/p>\n<p><a href=\"http:\/\/www.eigersunddyreklinikk.no\/wp1\/wp-content\/uploads\/2012\/02\/DSCF2945.jpg\"><img loading=\"lazy\" decoding=\"async\" class=\"alignnone size-full wp-image-76\" title=\"DSCF2945\" src=\"http:\/\/www.eigersunddyreklinikk.no\/wp1\/wp-content\/uploads\/2012\/02\/DSCF2945.jpg\" alt=\"\" width=\"800\" height=\"600\" srcset=\"http:\/\/www.eigersunddyreklinikk.no\/wp1\/wp-content\/uploads\/2012\/02\/DSCF2945.jpg 800w, http:\/\/www.eigersunddyreklinikk.no\/wp1\/wp-content\/uploads\/2012\/02\/DSCF2945-300x225.jpg 300w\" sizes=\"auto, (max-width: 800px) 100vw, 800px\" \/><\/a><\/p>\n<p>Husk, du er alltid hjertelig velkommen til Eigersund Dyreklinikk, enten det er for behandling av kj\u00e6ledyr, en hyggelig handel i butikken, eller bare for en koselig prat.<\/p>\n","protected":false},"excerpt":{"rendered":"<p>Vi er sv\u00e6rt stolte av butikken v\u00e5r og kan vise til et omfattende utvalg i f\u00f2r til hund og katt, hovedsakelig fra Eukanuba og Specific. I tillegg skaffer vi f\u00f2r fra Hills p\u00e5 foresp\u00f8rsel. Dersom du kj\u00f8per\u00a0f\u00f2r og\/eller tilleggsern\u00e6ring hos oss har\u00a0vi diverse rabattordninger til hest, hund og katt som det l\u00f8nner seg \u00e5 dra &hellip;<br \/><a href=\"http:\/\/www.eigersunddyreklinikk.no\/wp1\/?page_id=11\">Read more <span class=\"meta-nav\">&rarr;<\/span><\/a><\/p>\n","protected":false},"author":1,"featured_media":0,"parent":0,"menu_order":3,"comment_status":"closed","ping_status":"closed","template":"","meta":{"footnotes":""},"class_list":["post-11","page","type-page","status-publish","hentry"],"_links":{"self":[{"href":"http:\/\/www.eigersunddyreklinikk.no\/wp1\/index.php?rest_route=\/wp\/v2\/pages\/11","targetHints":{"allow":["GET"]}}],"collection":[{"href":"http:\/\/www.eigersunddyreklinikk.no\/wp1\/index.php?rest_route=\/wp\/v2\/pages"}],"about":[{"href":"http:\/\/www.eigersunddyreklinikk.no\/wp1\/index.php?rest_route=\/wp\/v2\/types\/page"}],"author":[{"embeddable":true,"href":"http:\/\/www.eigersunddyreklinikk.no\/wp1\/index.php?rest_route=\/wp\/v2\/users\/1"}],"replies":[{"embeddable":true,"href":"http:\/\/www.eigersunddyreklinikk.no\/wp1\/index.php?rest_route=%2Fwp%2Fv2%2Fcomments&post=11"}],"version-history":[{"count":13,"href":"http:\/\/www.eigersunddyreklinikk.no\/wp1\/index.php?rest_route=\/wp\/v2\/pages\/11\/revisions"}],"predecessor-version":[{"id":78,"href":"http:\/\/www.eigersunddyreklinikk.no\/wp1\/index.php?rest_route=\/wp\/v2\/pages\/11\/revisions\/78"}],"wp:attachment":[{"href":"http:\/\/www.eigersunddyreklinikk.no\/wp1\/index.php?rest_route=%2Fwp%2Fv2%2Fmedia&parent=11"}],"curies":[{"name":"wp","href":"https:\/\/api.w.org\/{rel}","templated":true}]}}